{"id":23,"date":"2009-09-30T21:59:35","date_gmt":"2009-09-30T19:59:35","guid":{"rendered":"http:\/\/www.wiralpin.de\/blog\/?page_id=23"},"modified":"2010-09-28T20:07:22","modified_gmt":"2010-09-28T18:07:22","slug":"links","status":"publish","type":"page","link":"http:\/\/www.wiralpin.de\/blog\/?page_id=23","title":{"rendered":"Reisen"},"content":{"rendered":"<h2><span style=\"color: #008000;\">Thema Reisen \/ befreundete Seiten<\/span><\/h2>\n<hr \/>\n<h2><a title=\"Kambodscha\" href=\"http:\/\/www.wiralpin.de\/blog\/?p=355\" target=\"_self\">J\u00fcrgen in Kambodscha <\/a><\/h2>\n<p>J\u00fcrgen mal wieder unterwegs &#8230;<\/p>\n<hr \/>\n<h2><a title=\"Vietnam\" href=\"http:\/\/www.wiralpin.de\/blog\/?p=171\" target=\"_self\">J\u00fcrgen&#8217;s Vietnam Reise <\/a><\/h2>\n<p>J\u00fcrgen k\u00e4mpft sich gerade durch Vietnam und unseren Blog ..<\/p>\n<hr \/>\n<h2><a href=\"http:\/\/kulissa.myblog.de\/\" target=\"_blank\">Kuli live in Kambodscha<\/a><\/h2>\n<hr \/>\n<h2><a href=\"..\/indonesien\/Rinjani.htm\" target=\"_blank\">exklusiver Bericht \u00fcber Rinjani-Bergtour \/ Indonesien<\/a><\/h2>\n<p>Das ist Jan&#8217;s 1.Artikel (wir warten auf mehr) \u00fcber eine Insel-Fahrradtour(!!)in Indonesien. Gelegentliche Vulkanbesteigungen inbegriffen -&gt; Vulkan Mount (oder: Gunung) Rinjani (3726m)<\/p>\n<hr \/>\n<h2><a href=\"..\/indonesien\/flores\/flores.htm\" target=\"_blank\">Flores \/ Indonesien<\/a><\/h2>\n<p>Jan&#8217;s 2.Artikel der Fahrradtour-Indonesien. Diesmal berichtet er \u00fcber die Vulkaninsel Flores mit ihren geheimnisvollen Kraterseen<\/p>\n<hr \/>\n<h2><a href=\"http:\/\/www.kulissa.info\/reisen.htm\" target=\"_blank\">http:\/\/www.kulissa.info\/reisen.htm<\/a><\/h2>\n<p>Prima Reiseberichte von unserem alten Kumpel Kuli &#8211; fast schon ein Reisef\u00fchrer !!<\/p>\n","protected":false},"excerpt":{"rendered":"<p>Thema Reisen \/ befreundete Seiten J\u00fcrgen in Kambodscha J\u00fcrgen mal wieder unterwegs &#8230; J\u00fcrgen&#8217;s Vietnam Reise J\u00fcrgen k\u00e4mpft sich gerade durch Vietnam und unseren Blog .. Kuli live in Kambodscha exklusiver Bericht \u00fcber Rinjani-Bergtour \/ Indonesien Das ist Jan&#8217;s 1.Artikel &hellip; <a href=\"http:\/\/www.wiralpin.de\/blog\/?page_id=23\">Weiterlesen <span class=\"meta-nav\">&rarr;<\/span><\/a><\/p>\n","protected":false},"author":2,"featured_media":0,"parent":0,"menu_order":2,"comment_status":"open","ping_status":"open","template":"","meta":{"ngg_post_thumbnail":0,"footnotes":""},"class_list":["post-23","page","type-page","status-publish","hentry"],"_links":{"self":[{"href":"http:\/\/www.wiralpin.de\/blog\/index.php?rest_route=\/wp\/v2\/pages\/23","targetHints":{"allow":["GET"]}}],"collection":[{"href":"http:\/\/www.wiralpin.de\/blog\/index.php?rest_route=\/wp\/v2\/pages"}],"about":[{"href":"http:\/\/www.wiralpin.de\/blog\/index.php?rest_route=\/wp\/v2\/types\/page"}],"author":[{"embeddable":true,"href":"http:\/\/www.wiralpin.de\/blog\/index.php?rest_route=\/wp\/v2\/users\/2"}],"replies":[{"embeddable":true,"href":"http:\/\/www.wiralpin.de\/blog\/index.php?rest_route=%2Fwp%2Fv2%2Fcomments&post=23"}],"version-history":[{"count":15,"href":"http:\/\/www.wiralpin.de\/blog\/index.php?rest_route=\/wp\/v2\/pages\/23\/revisions"}],"predecessor-version":[{"id":31,"href":"http:\/\/www.wiralpin.de\/blog\/index.php?rest_route=\/wp\/v2\/pages\/23\/revisions\/31"}],"wp:attachment":[{"href":"http:\/\/www.wiralpin.de\/blog\/index.php?rest_route=%2Fwp%2Fv2%2Fmedia&parent=23"}],"curies":[{"name":"wp","href":"https:\/\/api.w.org\/{rel}","templated":true}]}}