{"id":2,"date":"2009-09-28T21:42:11","date_gmt":"2009-09-28T19:42:11","guid":{"rendered":"http:\/\/www.wiralpin.de\/blog\/?page_id=2"},"modified":"2020-10-15T19:31:07","modified_gmt":"2020-10-15T17:31:07","slug":"ueber-mich","status":"publish","type":"page","link":"http:\/\/www.wiralpin.de\/blog\/?page_id=2","title":{"rendered":"Fun"},"content":{"rendered":"<h3><span style=\"color: #000080;\">W\u00e4hrend einer Rast konnten wir beobachten, wie Touris \u00fcber eine Br\u00fccke wollten, aber .. eine Kuh steht im Weg ! <\/span><\/h3>\n<p><iframe loading=\"lazy\" src=\"https:\/\/www.youtube.com\/embed\/nmMRgw6Gn94\" width=\"560\" height=\"315\" frameborder=\"0\" allowfullscreen=\"allowfullscreen\"><\/iframe><\/p>\n<hr \/>\n<p><span style=\"font-size: x-small;\">der indische Monkeyman&#8230; <\/span><br \/>\n<iframe loading=\"lazy\" src=\"http:\/\/www.youtube.com\/embed\/Cm91hh9SqXs\" width=\"420\" height=\"315\" frameborder=\"0\"><\/iframe><\/p>\n<hr \/>\n<p><span style=\"font-size: x-small;\"><br \/>\n<iframe loading=\"lazy\" src=\"http:\/\/www.youtube.com\/embed\/ZmDhRvvs5Xw\" width=\"500\" height=\"255\" frameborder=\"0\"><\/iframe><\/span><br \/>\n<span style=\"font-size: xx-small;\">das sollte man sich vielleicht mal vor ort anschauen&#8230;<br \/>\n<\/span><\/p>\n<hr \/>\n<p>&nbsp;<\/p>\n<hr \/>\n<p><a href=\"http:\/\/www.wiralpin.de\/blog\/?page_id=8\">Pr\u00e4gende Kindheitserinnerungen &#8230;.&nbsp;&nbsp;&nbsp;&nbsp;&nbsp; <\/a><\/p>\n<p>&nbsp;<\/p>\n<p>&nbsp;<\/p>\n<p>&nbsp;<\/p>\n<p><a href=\"http:\/\/www.wiralpin.de\/blog\/?page_id=8\"><img decoding=\"async\" class=\"ngg-singlepic ngg-none\" src=\"http:\/\/www.wiralpin.de\/blog\/wp-content\/gallery\/teddy\/thumbs\/thumbs_teddy_image0.jpg\" alt=\"1\"\/> <\/a><\/p>\n<p>&nbsp;<\/p>\n<p>&nbsp;<\/p>\n<p><span style=\"font-size: xx-small;\">\u00c4hnlichkeiten zu lebenden Personen(Yeti&#8217;s) sind rein zuf\u00e4llig \ud83d\ude42<\/span><\/p>\n<p>&nbsp;<\/p>\n<hr \/>\n<p>&nbsp;<\/p>\n<p><iframe loading=\"lazy\" src=\"http:\/\/www.youtube.com\/embed\/XkInkNMpI1Q\" width=\"420\" height=\"315\" frameborder=\"0\"><\/iframe><\/p>\n<p>wundersch\u00f6nes Flashfilmchen von Bruno Bozzetto<\/p>\n<hr \/>\n","protected":false},"excerpt":{"rendered":"<p>W\u00e4hrend einer Rast konnten wir beobachten, wie Touris \u00fcber eine Br\u00fccke wollten, aber .. eine Kuh steht im Weg ! der indische Monkeyman&#8230; das sollte man sich vielleicht mal vor ort anschauen&#8230; &nbsp; Pr\u00e4gende Kindheitserinnerungen &#8230;.&nbsp;&nbsp;&nbsp;&nbsp;&nbsp; &nbsp; &nbsp; &nbsp; &nbsp; &hellip; <a href=\"http:\/\/www.wiralpin.de\/blog\/?page_id=2\">Weiterlesen <span class=\"meta-nav\">&rarr;<\/span><\/a><\/p>\n","protected":false},"author":1,"featured_media":0,"parent":0,"menu_order":3,"comment_status":"open","ping_status":"open","template":"","meta":{"ngg_post_thumbnail":0,"footnotes":""},"class_list":["post-2","page","type-page","status-publish","hentry"],"_links":{"self":[{"href":"http:\/\/www.wiralpin.de\/blog\/index.php?rest_route=\/wp\/v2\/pages\/2","targetHints":{"allow":["GET"]}}],"collection":[{"href":"http:\/\/www.wiralpin.de\/blog\/index.php?rest_route=\/wp\/v2\/pages"}],"about":[{"href":"http:\/\/www.wiralpin.de\/blog\/index.php?rest_route=\/wp\/v2\/types\/page"}],"author":[{"embeddable":true,"href":"http:\/\/www.wiralpin.de\/blog\/index.php?rest_route=\/wp\/v2\/users\/1"}],"replies":[{"embeddable":true,"href":"http:\/\/www.wiralpin.de\/blog\/index.php?rest_route=%2Fwp%2Fv2%2Fcomments&post=2"}],"version-history":[{"count":15,"href":"http:\/\/www.wiralpin.de\/blog\/index.php?rest_route=\/wp\/v2\/pages\/2\/revisions"}],"predecessor-version":[{"id":3124,"href":"http:\/\/www.wiralpin.de\/blog\/index.php?rest_route=\/wp\/v2\/pages\/2\/revisions\/3124"}],"wp:attachment":[{"href":"http:\/\/www.wiralpin.de\/blog\/index.php?rest_route=%2Fwp%2Fv2%2Fmedia&parent=2"}],"curies":[{"name":"wp","href":"https:\/\/api.w.org\/{rel}","templated":true}]}}